{"id":31,"date":"2024-05-14T12:42:52","date_gmt":"2024-05-14T12:42:52","guid":{"rendered":"https:\/\/rentacarlead.com\/?page_id=31"},"modified":"2024-05-15T09:38:07","modified_gmt":"2024-05-15T09:38:07","slug":"pocetna","status":"publish","type":"page","link":"https:\/\/proba.rentacarlead.com\/","title":{"rendered":"Po\u010detna"},"content":{"rendered":"\t\t<div data-elementor-type=\"wp-page\" data-elementor-id=\"31\" class=\"elementor elementor-31\" data-elementor-post-type=\"page\">\n\t\t\t\t<div class=\"elementor-element elementor-element-142ce7d e-flex e-con-boxed e-con e-parent\" data-id=\"142ce7d\" data-element_type=\"container\" data-settings=\"{&quot;background_background&quot;:&quot;classic&quot;}\">\n\t\t\t\t\t<div class=\"e-con-inner\">\n\t\t<div class=\"elementor-element elementor-element-17d5436 e-con-full e-flex e-con e-child\" data-id=\"17d5436\" data-element_type=\"container\">\n\t\t\t\t<div class=\"elementor-element elementor-element-2bcceca elementor-widget elementor-widget-heading\" data-id=\"2bcceca\" data-element_type=\"widget\" data-widget_type=\"heading.default\">\n\t\t\t\t<div class=\"elementor-widget-container\">\n\t\t\t<style>\/*! elementor - v3.21.0 - 08-05-2024 *\/\n.elementor-heading-title{padding:0;margin:0;line-height:1}.elementor-widget-heading .elementor-heading-title[class*=elementor-size-]>a{color:inherit;font-size:inherit;line-height:inherit}.elementor-widget-heading .elementor-heading-title.elementor-size-small{font-size:15px}.elementor-widget-heading .elementor-heading-title.elementor-size-medium{font-size:19px}.elementor-widget-heading .elementor-heading-title.elementor-size-large{font-size:29px}.elementor-widget-heading .elementor-heading-title.elementor-size-xl{font-size:39px}.elementor-widget-heading .elementor-heading-title.elementor-size-xxl{font-size:59px}<\/style><h2 class=\"elementor-heading-title elementor-size-default\">NAJAM AUTA I KOMBIJA<\/h2>\t\t<\/div>\n\t\t\t\t<\/div>\n\t\t\t\t<div class=\"elementor-element elementor-element-237f817 elementor-widget elementor-widget-text-editor\" data-id=\"237f817\" data-element_type=\"widget\" data-widget_type=\"text-editor.default\">\n\t\t\t\t<div class=\"elementor-widget-container\">\n\t\t\t<style>\/*! elementor - v3.21.0 - 08-05-2024 *\/\n.elementor-widget-text-editor.elementor-drop-cap-view-stacked .elementor-drop-cap{background-color:#69727d;color:#fff}.elementor-widget-text-editor.elementor-drop-cap-view-framed .elementor-drop-cap{color:#69727d;border:3px solid;background-color:transparent}.elementor-widget-text-editor:not(.elementor-drop-cap-view-default) .elementor-drop-cap{margin-top:8px}.elementor-widget-text-editor:not(.elementor-drop-cap-view-default) .elementor-drop-cap-letter{width:1em;height:1em}.elementor-widget-text-editor .elementor-drop-cap{float:left;text-align:center;line-height:1;font-size:50px}.elementor-widget-text-editor .elementor-drop-cap-letter{display:inline-block}<\/style>\t\t\t\t<p>Rent a car po povoljnim cijenama<\/p>\t\t\t\t\t\t<\/div>\n\t\t\t\t<\/div>\n\t\t<div class=\"elementor-element elementor-element-4c0956f e-flex e-con-boxed e-con e-child\" data-id=\"4c0956f\" data-element_type=\"container\">\n\t\t\t\t\t<div class=\"e-con-inner\">\n\t\t\t\t<div class=\"elementor-element elementor-element-21be382 elementor-widget elementor-widget-button\" data-id=\"21be382\" data-element_type=\"widget\" data-widget_type=\"button.default\">\n\t\t\t\t<div class=\"elementor-widget-container\">\n\t\t\t\t\t<div class=\"elementor-button-wrapper\">\n\t\t\t<a class=\"elementor-button elementor-size-sm\" role=\"button\">\n\t\t\t\t\t\t<span class=\"elementor-button-content-wrapper\">\n\t\t\t\t\t\t\t\t\t<span class=\"elementor-button-text\">UNAJMI AUTO<\/span>\n\t\t\t\t\t<\/span>\n\t\t\t\t\t<\/a>\n\t\t<\/div>\n\t\t\t\t<\/div>\n\t\t\t\t<\/div>\n\t\t\t\t<div class=\"elementor-element elementor-element-f1b2cf3 elementor-widget elementor-widget-button\" data-id=\"f1b2cf3\" data-element_type=\"widget\" data-widget_type=\"button.default\">\n\t\t\t\t<div class=\"elementor-widget-container\">\n\t\t\t\t\t<div class=\"elementor-button-wrapper\">\n\t\t\t<a class=\"elementor-button elementor-size-sm\" role=\"button\">\n\t\t\t\t\t\t<span class=\"elementor-button-content-wrapper\">\n\t\t\t\t\t\t\t\t\t<span class=\"elementor-button-text\">KONTAKT<\/span>\n\t\t\t\t\t<\/span>\n\t\t\t\t\t<\/a>\n\t\t<\/div>\n\t\t\t\t<\/div>\n\t\t\t\t<\/div>\n\t\t\t\t\t<\/div>\n\t\t\t\t<\/div>\n\t\t\t\t<\/div>\n\t\t<div class=\"elementor-element elementor-element-15ed082 e-con-full e-flex e-con e-child\" data-id=\"15ed082\" data-element_type=\"container\">\n\t\t\t\t<\/div>\n\t\t\t\t\t<\/div>\n\t\t\t\t<\/div>\n\t\t<div class=\"elementor-element elementor-element-6f926ed e-flex e-con-boxed e-con e-parent\" data-id=\"6f926ed\" data-element_type=\"container\" data-settings=\"{&quot;background_background&quot;:&quot;classic&quot;}\">\n\t\t\t\t\t<div class=\"e-con-inner\">\n\t\t<div class=\"elementor-element elementor-element-c156bca e-flex e-con-boxed e-con e-child\" data-id=\"c156bca\" data-element_type=\"container\">\n\t\t\t\t\t<div class=\"e-con-inner\">\n\t\t\t\t<div class=\"elementor-element elementor-element-b9b9602 elementor-widget-divider--view-line elementor-widget elementor-widget-divider\" data-id=\"b9b9602\" data-element_type=\"widget\" data-widget_type=\"divider.default\">\n\t\t\t\t<div class=\"elementor-widget-container\">\n\t\t\t<style>\/*! elementor - v3.21.0 - 08-05-2024 *\/\n.elementor-widget-divider{--divider-border-style:none;--divider-border-width:1px;--divider-color:#0c0d0e;--divider-icon-size:20px;--divider-element-spacing:10px;--divider-pattern-height:24px;--divider-pattern-size:20px;--divider-pattern-url:none;--divider-pattern-repeat:repeat-x}.elementor-widget-divider .elementor-divider{display:flex}.elementor-widget-divider .elementor-divider__text{font-size:15px;line-height:1;max-width:95%}.elementor-widget-divider .elementor-divider__element{margin:0 var(--divider-element-spacing);flex-shrink:0}.elementor-widget-divider .elementor-icon{font-size:var(--divider-icon-size)}.elementor-widget-divider .elementor-divider-separator{display:flex;margin:0;direction:ltr}.elementor-widget-divider--view-line_icon .elementor-divider-separator,.elementor-widget-divider--view-line_text .elementor-divider-separator{align-items:center}.elementor-widget-divider--view-line_icon .elementor-divider-separator:after,.elementor-widget-divider--view-line_icon .elementor-divider-separator:before,.elementor-widget-divider--view-line_text .elementor-divider-separator:after,.elementor-widget-divider--view-line_text .elementor-divider-separator:before{display:block;content:\"\";border-block-end:0;flex-grow:1;border-block-start:var(--divider-border-width) var(--divider-border-style) var(--divider-color)}.elementor-widget-divider--element-align-left .elementor-divider .elementor-divider-separator>.elementor-divider__svg:first-of-type{flex-grow:0;flex-shrink:100}.elementor-widget-divider--element-align-left .elementor-divider-separator:before{content:none}.elementor-widget-divider--element-align-left .elementor-divider__element{margin-left:0}.elementor-widget-divider--element-align-right .elementor-divider .elementor-divider-separator>.elementor-divider__svg:last-of-type{flex-grow:0;flex-shrink:100}.elementor-widget-divider--element-align-right .elementor-divider-separator:after{content:none}.elementor-widget-divider--element-align-right .elementor-divider__element{margin-right:0}.elementor-widget-divider--element-align-start .elementor-divider .elementor-divider-separator>.elementor-divider__svg:first-of-type{flex-grow:0;flex-shrink:100}.elementor-widget-divider--element-align-start .elementor-divider-separator:before{content:none}.elementor-widget-divider--element-align-start .elementor-divider__element{margin-inline-start:0}.elementor-widget-divider--element-align-end .elementor-divider .elementor-divider-separator>.elementor-divider__svg:last-of-type{flex-grow:0;flex-shrink:100}.elementor-widget-divider--element-align-end .elementor-divider-separator:after{content:none}.elementor-widget-divider--element-align-end .elementor-divider__element{margin-inline-end:0}.elementor-widget-divider:not(.elementor-widget-divider--view-line_text):not(.elementor-widget-divider--view-line_icon) .elementor-divider-separator{border-block-start:var(--divider-border-width) var(--divider-border-style) var(--divider-color)}.elementor-widget-divider--separator-type-pattern{--divider-border-style:none}.elementor-widget-divider--separator-type-pattern.elementor-widget-divider--view-line .elementor-divider-separator,.elementor-widget-divider--separator-type-pattern:not(.elementor-widget-divider--view-line) .elementor-divider-separator:after,.elementor-widget-divider--separator-type-pattern:not(.elementor-widget-divider--view-line) .elementor-divider-separator:before,.elementor-widget-divider--separator-type-pattern:not([class*=elementor-widget-divider--view]) .elementor-divider-separator{width:100%;min-height:var(--divider-pattern-height);-webkit-mask-size:var(--divider-pattern-size) 100%;mask-size:var(--divider-pattern-size) 100%;-webkit-mask-repeat:var(--divider-pattern-repeat);mask-repeat:var(--divider-pattern-repeat);background-color:var(--divider-color);-webkit-mask-image:var(--divider-pattern-url);mask-image:var(--divider-pattern-url)}.elementor-widget-divider--no-spacing{--divider-pattern-size:auto}.elementor-widget-divider--bg-round{--divider-pattern-repeat:round}.rtl .elementor-widget-divider .elementor-divider__text{direction:rtl}.e-con-inner>.elementor-widget-divider,.e-con>.elementor-widget-divider{width:var(--container-widget-width,100%);--flex-grow:var(--container-widget-flex-grow)}<\/style>\t\t<div class=\"elementor-divider\">\n\t\t\t<span class=\"elementor-divider-separator\">\n\t\t\t\t\t\t<\/span>\n\t\t<\/div>\n\t\t\t\t<\/div>\n\t\t\t\t<\/div>\n\t\t\t\t<div class=\"elementor-element elementor-element-507f8a5 elementor-widget elementor-widget-heading\" data-id=\"507f8a5\" data-element_type=\"widget\" data-widget_type=\"heading.default\">\n\t\t\t\t<div class=\"elementor-widget-container\">\n\t\t\t<h2 class=\"elementor-heading-title elementor-size-default\">Kako do prve vo\u017enje?<\/h2>\t\t<\/div>\n\t\t\t\t<\/div>\n\t\t\t\t\t<\/div>\n\t\t\t\t<\/div>\n\t\t\t\t\t<\/div>\n\t\t\t\t<\/div>\n\t\t<div class=\"elementor-element elementor-element-a302950 e-flex e-con-boxed e-con e-parent\" data-id=\"a302950\" data-element_type=\"container\" data-settings=\"{&quot;background_background&quot;:&quot;classic&quot;}\">\n\t\t\t\t\t<div class=\"e-con-inner\">\n\t\t<div class=\"elementor-element elementor-element-aa64453 e-con-full e-flex e-con e-child\" data-id=\"aa64453\" data-element_type=\"container\">\n\t\t\t\t<div class=\"elementor-element elementor-element-d7fedc8 elementor-view-stacked elementor-shape-square elementor-widget elementor-widget-icon\" data-id=\"d7fedc8\" data-element_type=\"widget\" data-widget_type=\"icon.default\">\n\t\t\t\t<div class=\"elementor-widget-container\">\n\t\t\t\t\t<div class=\"elementor-icon-wrapper\">\n\t\t\t<div class=\"elementor-icon\">\n\t\t\t<svg xmlns=\"http:\/\/www.w3.org\/2000\/svg\" height=\"512\" viewBox=\"0 0 512 512\" width=\"512\"><path d=\"m494.26 276.22c-3.6-40.41-9.53-48.28-11.77-51.24-5.15-6.84-13.39-11.31-22.11-16a3.6 3.6 0 0 1 -.91-5.68 15.93 15.93 0 0 0 4.53-12.53 16.27 16.27 0 0 0 -16.35-14.77h-15.6a17 17 0 0 0 -2 .13 8.5 8.5 0 0 0 -1.41-.47c-9.24-19.53-21.89-46.27-48.11-59.32-38.89-19.34-110.53-20.34-124.53-20.34s-85.64 1-124.48 20.31c-26.22 13.05-38.87 39.79-48.11 59.32l-.08.16a6.52 6.52 0 0 0 -1.35.34 17 17 0 0 0 -2-.13h-15.63a16.27 16.27 0 0 0 -16.35 14.77 15.93 15.93 0 0 0 4.59 12.47 3.6 3.6 0 0 1 -.91 5.68c-8.72 4.72-17 9.19-22.11 16-2.24 3-8.16 10.83-11.77 51.24-2 22.74-2.3 46.28-.73 61.44 3.29 31.5 9.46 50.54 9.72 51.33a16 16 0 0 0 13.2 10.87v.2a16 16 0 0 0 16 16h56a16 16 0 0 0 16-16c8.61 0 14.6-1.54 20.95-3.18a158.83 158.83 0 0 1 28-4.91c30.51-2.91 60.85-3.91 79.06-3.91 17.84 0 49.52 1 80.08 3.91a159.16 159.16 0 0 1 28.11 4.93c6.08 1.56 11.85 3 19.84 3.15a16 16 0 0 0 16 16h56a16 16 0 0 0 16-16v-.12a16 16 0 0 0 13.24-10.87c.26-.79 6.43-19.83 9.72-51.33 1.57-15.17 1.29-38.67-.73-61.45zm-381.93-86.91c8-17 17.15-36.24 33.44-44.35 23.54-11.72 72.33-17 110.23-17s86.69 5.24 110.23 17c16.29 8.11 25.4 27.36 33.44 44.35l1 2.17a8 8 0 0 1 -7.44 11.42c-33.23-.9-103.23-3.78-137.23-3.78s-104 2.95-137.28 3.85a8 8 0 0 1 -7.44-11.42c.35-.74.72-1.49 1.05-2.24zm11.93 79.63a427.17 427.17 0 0 1 -51.84 3.06c-10.6 0-21.53-3-23.56-12.44-1.39-6.35-1.24-9.92-.49-13.51.63-3.05 1.63-5.27 6.63-6.05 13-2 20.27.51 41.55 6.78 14.11 4.15 24.29 9.68 30.09 14.06 2.91 2.16 1.36 7.8-2.38 8.1zm221.38 82c-13.16 1.5-39.48.95-89.34.95s-76.17.55-89.33-.95c-13.58-1.51-30.89-14.35-19.07-25.79 7.87-7.54 26.23-13.18 50.68-16.35s34.8-4.8 57.62-4.8 32.12 1 57.62 4.81 44.77 9.52 50.68 16.35c10.78 12.24-5.29 24.19-18.86 25.84zm117.5-91.39c-2 9.48-13 12.44-23.56 12.44a455.91 455.91 0 0 1 -52.84-3.06c-3.06-.29-4.48-5.66-1.38-8.1 5.71-4.49 16-9.91 30.09-14.06 21.28-6.27 33.55-8.78 44.09-6.69 2.57.51 3.93 3.27 4.09 5a40.64 40.64 0 0 1 -.49 14.48z\"><\/path><\/svg>\t\t\t<\/div>\n\t\t<\/div>\n\t\t\t\t<\/div>\n\t\t\t\t<\/div>\n\t\t\t\t<div class=\"elementor-element elementor-element-037fff1 elementor-widget__width-initial elementor-vertical-align-top elementor-invisible elementor-widget elementor-widget-icon-box\" data-id=\"037fff1\" data-element_type=\"widget\" data-settings=\"{&quot;_animation&quot;:&quot;fadeInUp&quot;}\" data-widget_type=\"icon-box.default\">\n\t\t\t\t<div class=\"elementor-widget-container\">\n\t\t\t<link rel=\"stylesheet\" href=\"https:\/\/proba.rentacarlead.com\/wp-content\/plugins\/elementor\/assets\/css\/widget-icon-box.min.css\">\t\t<div class=\"elementor-icon-box-wrapper\">\n\n\t\t\t\n\t\t\t\t\t\t<div class=\"elementor-icon-box-content\">\n\n\t\t\t\t\t\t\t\t\t<h3 class=\"elementor-icon-box-title\">\n\t\t\t\t\t\t<span  >\n\t\t\t\t\t\t\tOdaberite vozilo\t\t\t\t\t\t<\/span>\n\t\t\t\t\t<\/h3>\n\t\t\t\t\n\t\t\t\t\t\t\t\t\t<p class=\"elementor-icon-box-description\">\n\t\t\t\t\t\tOdaberite jedan od brojnih automobila iz na\u0161eg voznog parka.\t\t\t\t\t<\/p>\n\t\t\t\t\n\t\t\t<\/div>\n\t\t\t\n\t\t<\/div>\n\t\t\t\t<\/div>\n\t\t\t\t<\/div>\n\t\t\t\t<\/div>\n\t\t<div class=\"elementor-element elementor-element-b1a4c8d e-con-full e-flex e-con e-child\" data-id=\"b1a4c8d\" data-element_type=\"container\">\n\t\t\t\t<div class=\"elementor-element elementor-element-172a299 elementor-widget__width-initial elementor-view-default elementor-invisible elementor-widget elementor-widget-icon\" data-id=\"172a299\" data-element_type=\"widget\" data-settings=\"{&quot;_animation&quot;:&quot;fadeInUp&quot;,&quot;_animation_delay&quot;:200}\" data-widget_type=\"icon.default\">\n\t\t\t\t<div class=\"elementor-widget-container\">\n\t\t\t\t\t<div class=\"elementor-icon-wrapper\">\n\t\t\t<div class=\"elementor-icon\">\n\t\t\t<svg xmlns=\"http:\/\/www.w3.org\/2000\/svg\" xmlns:xlink=\"http:\/\/www.w3.org\/1999\/xlink\" x=\"0px\" y=\"0px\" viewBox=\"0 0 513 513\" style=\"enable-background:new 0 0 513 513;\" xml:space=\"preserve\"><style type=\"text\/css\">\t.st0{fill:none;stroke:#000000;stroke-width:9;stroke-miterlimit:10;}\t.st1{fill:none;stroke:#000000;stroke-width:9;stroke-miterlimit:10;stroke-dasharray:16.4632,16.4632;}<\/style><g id=\"Layer_2\"><\/g><g id=\"Layer_1\">\t<g>\t\t<g>\t\t\t<path class=\"st0\" d=\"M10,272.6c0,0,2.3-1.8,6.6-4.8\"><\/path>\t\t\t<path class=\"st1\" d=\"M30.3,258.6c62.3-39.9,258.8-142,454.8,4\"><\/path>\t\t\t<path class=\"st0\" d=\"M491.6,267.5c2.1,1.7,4.3,3.3,6.4,5.1\"><\/path>\t\t<\/g>\t<\/g><\/g><\/svg>\t\t\t<\/div>\n\t\t<\/div>\n\t\t\t\t<\/div>\n\t\t\t\t<\/div>\n\t\t\t\t<\/div>\n\t\t<div class=\"elementor-element elementor-element-b99a8d6 e-con-full e-flex e-con e-child\" data-id=\"b99a8d6\" data-element_type=\"container\">\n\t\t\t\t<div class=\"elementor-element elementor-element-be443e6 elementor-view-stacked elementor-shape-square elementor-widget elementor-widget-icon\" data-id=\"be443e6\" data-element_type=\"widget\" data-widget_type=\"icon.default\">\n\t\t\t\t<div class=\"elementor-widget-container\">\n\t\t\t\t\t<div class=\"elementor-icon-wrapper\">\n\t\t\t<div class=\"elementor-icon\">\n\t\t\t<svg xmlns=\"http:\/\/www.w3.org\/2000\/svg\" xmlns:xlink=\"http:\/\/www.w3.org\/1999\/xlink\" id=\"Capa_1\" x=\"0px\" y=\"0px\" width=\"488.152px\" height=\"488.152px\" viewBox=\"0 0 488.152 488.152\" style=\"enable-background:new 0 0 488.152 488.152;\" xml:space=\"preserve\"><g>\t<g>\t\t<path d=\"M177.854,269.311c0-6.115-4.96-11.069-11.08-11.069h-38.665c-6.113,0-11.074,4.954-11.074,11.069v38.66   c0,6.123,4.961,11.079,11.074,11.079h38.665c6.12,0,11.08-4.956,11.08-11.079V269.311L177.854,269.311z\"><\/path>\t\t<path d=\"M274.483,269.311c0-6.115-4.961-11.069-11.069-11.069h-38.67c-6.113,0-11.074,4.954-11.074,11.069v38.66   c0,6.123,4.961,11.079,11.074,11.079h38.67c6.108,0,11.069-4.956,11.069-11.079V269.311z\"><\/path>\t\t<path d=\"M371.117,269.311c0-6.115-4.961-11.069-11.074-11.069h-38.665c-6.12,0-11.08,4.954-11.08,11.069v38.66   c0,6.123,4.96,11.079,11.08,11.079h38.665c6.113,0,11.074-4.956,11.074-11.079V269.311z\"><\/path>\t\t<path d=\"M177.854,365.95c0-6.125-4.96-11.075-11.08-11.075h-38.665c-6.113,0-11.074,4.95-11.074,11.075v38.653   c0,6.119,4.961,11.074,11.074,11.074h38.665c6.12,0,11.08-4.956,11.08-11.074V365.95L177.854,365.95z\"><\/path>\t\t<path d=\"M274.483,365.95c0-6.125-4.961-11.075-11.069-11.075h-38.67c-6.113,0-11.074,4.95-11.074,11.075v38.653   c0,6.119,4.961,11.074,11.074,11.074h38.67c6.108,0,11.069-4.956,11.069-11.074V365.95z\"><\/path>\t\t<path d=\"M371.117,365.95c0-6.125-4.961-11.075-11.069-11.075h-38.67c-6.12,0-11.08,4.95-11.08,11.075v38.653   c0,6.119,4.96,11.074,11.08,11.074h38.67c6.108,0,11.069-4.956,11.069-11.074V365.95L371.117,365.95z\"><\/path>\t\t<path d=\"M440.254,54.354v59.05c0,26.69-21.652,48.198-48.338,48.198h-30.493c-26.688,0-48.627-21.508-48.627-48.198V54.142   h-137.44v59.262c0,26.69-21.938,48.198-48.622,48.198H96.235c-26.685,0-48.336-21.508-48.336-48.198v-59.05   C24.576,55.057,5.411,74.356,5.411,98.077v346.061c0,24.167,19.588,44.015,43.755,44.015h389.82   c24.131,0,43.755-19.889,43.755-44.015V98.077C482.741,74.356,463.577,55.057,440.254,54.354z M426.091,422.588   c0,10.444-8.468,18.917-18.916,18.917H80.144c-10.448,0-18.916-8.473-18.916-18.917V243.835c0-10.448,8.467-18.921,18.916-18.921   h327.03c10.448,0,18.916,8.473,18.916,18.921L426.091,422.588L426.091,422.588z\"><\/path>\t\t<path d=\"M96.128,129.945h30.162c9.155,0,16.578-7.412,16.578-16.567V16.573C142.868,7.417,135.445,0,126.29,0H96.128   C86.972,0,79.55,7.417,79.55,16.573v96.805C79.55,122.533,86.972,129.945,96.128,129.945z\"><\/path>\t\t<path d=\"M361.035,129.945h30.162c9.149,0,16.572-7.412,16.572-16.567V16.573C407.77,7.417,400.347,0,391.197,0h-30.162   c-9.154,0-16.577,7.417-16.577,16.573v96.805C344.458,122.533,351.881,129.945,361.035,129.945z\"><\/path>\t<\/g><\/g><g><\/g><g><\/g><g><\/g><g><\/g><g><\/g><g><\/g><g><\/g><g><\/g><g><\/g><g><\/g><g><\/g><g><\/g><g><\/g><g><\/g><g><\/g><\/svg>\t\t\t<\/div>\n\t\t<\/div>\n\t\t\t\t<\/div>\n\t\t\t\t<\/div>\n\t\t\t\t<div class=\"elementor-element elementor-element-d382fb8 elementor-widget__width-initial elementor-vertical-align-top elementor-invisible elementor-widget elementor-widget-icon-box\" data-id=\"d382fb8\" data-element_type=\"widget\" data-settings=\"{&quot;_animation&quot;:&quot;fadeInUp&quot;}\" data-widget_type=\"icon-box.default\">\n\t\t\t\t<div class=\"elementor-widget-container\">\n\t\t\t\t\t<div class=\"elementor-icon-box-wrapper\">\n\n\t\t\t\n\t\t\t\t\t\t<div class=\"elementor-icon-box-content\">\n\n\t\t\t\t\t\t\t\t\t<h3 class=\"elementor-icon-box-title\">\n\t\t\t\t\t\t<span  >\n\t\t\t\t\t\t\tOdaberite datum i vrijeme\t\t\t\t\t\t<\/span>\n\t\t\t\t\t<\/h3>\n\t\t\t\t\n\t\t\t\t\t\t\t\t\t<p class=\"elementor-icon-box-description\">\n\t\t\t\t\t\tOdaberite \u017eeljeni datum i vrijeme preuzimanja i vra\u0107anja vozila.\t\t\t\t\t<\/p>\n\t\t\t\t\n\t\t\t<\/div>\n\t\t\t\n\t\t<\/div>\n\t\t\t\t<\/div>\n\t\t\t\t<\/div>\n\t\t\t\t<\/div>\n\t\t<div class=\"elementor-element elementor-element-619160e e-con-full e-flex e-con e-child\" data-id=\"619160e\" data-element_type=\"container\">\n\t\t\t\t<div class=\"elementor-element elementor-element-8e33ac9 elementor-widget__width-initial elementor-view-default elementor-invisible elementor-widget elementor-widget-icon\" data-id=\"8e33ac9\" data-element_type=\"widget\" data-settings=\"{&quot;_animation&quot;:&quot;fadeInUp&quot;,&quot;_animation_delay&quot;:200}\" data-widget_type=\"icon.default\">\n\t\t\t\t<div class=\"elementor-widget-container\">\n\t\t\t\t\t<div class=\"elementor-icon-wrapper\">\n\t\t\t<div class=\"elementor-icon\">\n\t\t\t<svg xmlns=\"http:\/\/www.w3.org\/2000\/svg\" xmlns:xlink=\"http:\/\/www.w3.org\/1999\/xlink\" x=\"0px\" y=\"0px\" viewBox=\"0 0 513 513\" style=\"enable-background:new 0 0 513 513;\" xml:space=\"preserve\"><style type=\"text\/css\">\t.st0{fill:none;stroke:#000000;stroke-width:9;stroke-miterlimit:10;}\t.st1{fill:none;stroke:#000000;stroke-width:9;stroke-miterlimit:10;stroke-dasharray:16.4632,16.4632;}<\/style><g id=\"Layer_2\"><\/g><g id=\"Layer_1\">\t<g>\t\t<g>\t\t\t<path class=\"st0\" d=\"M10,186.5c0,0,2.3,1.8,6.6,4.8\"><\/path>\t\t\t<path class=\"st1\" d=\"M30.3,200.5c62.3,39.9,258.8,142,454.8-4\"><\/path>\t\t\t<path class=\"st0\" d=\"M491.6,191.6c2.1-1.7,4.3-3.3,6.4-5.1\"><\/path>\t\t<\/g>\t<\/g><\/g><\/svg>\t\t\t<\/div>\n\t\t<\/div>\n\t\t\t\t<\/div>\n\t\t\t\t<\/div>\n\t\t\t\t<\/div>\n\t\t<div class=\"elementor-element elementor-element-5cd8330 e-con-full e-flex e-con e-child\" data-id=\"5cd8330\" data-element_type=\"container\">\n\t\t\t\t<div class=\"elementor-element elementor-element-d394600 elementor-view-stacked elementor-shape-square elementor-widget elementor-widget-icon\" data-id=\"d394600\" data-element_type=\"widget\" data-widget_type=\"icon.default\">\n\t\t\t\t<div class=\"elementor-widget-container\">\n\t\t\t\t\t<div class=\"elementor-icon-wrapper\">\n\t\t\t<div class=\"elementor-icon\">\n\t\t\t<svg xmlns=\"http:\/\/www.w3.org\/2000\/svg\" height=\"512\" viewBox=\"0 0 24 24\" width=\"512\"><path d=\"m12 0c-4.962 0-9 4.066-9 9.065 0 7.103 8.154 14.437 8.501 14.745.143.127.321.19.499.19s.356-.063.499-.189c.347-.309 8.501-7.643 8.501-14.746 0-4.999-4.038-9.065-9-9.065zm0 14c-2.757 0-5-2.243-5-5s2.243-5 5-5 5 2.243 5 5-2.243 5-5 5z\"><\/path><\/svg>\t\t\t<\/div>\n\t\t<\/div>\n\t\t\t\t<\/div>\n\t\t\t\t<\/div>\n\t\t\t\t<div class=\"elementor-element elementor-element-b7b00fd elementor-widget__width-initial elementor-vertical-align-top elementor-invisible elementor-widget elementor-widget-icon-box\" data-id=\"b7b00fd\" data-element_type=\"widget\" data-settings=\"{&quot;_animation&quot;:&quot;fadeInUp&quot;}\" data-widget_type=\"icon-box.default\">\n\t\t\t\t<div class=\"elementor-widget-container\">\n\t\t\t\t\t<div class=\"elementor-icon-box-wrapper\">\n\n\t\t\t\n\t\t\t\t\t\t<div class=\"elementor-icon-box-content\">\n\n\t\t\t\t\t\t\t\t\t<h3 class=\"elementor-icon-box-title\">\n\t\t\t\t\t\t<span  >\n\t\t\t\t\t\t\tZapo\u010dnite vo\u017enju\t\t\t\t\t\t<\/span>\n\t\t\t\t\t<\/h3>\n\t\t\t\t\n\t\t\t\t\t\t\t\t\t<p class=\"elementor-icon-box-description\">\n\t\t\t\t\t\tPreuzmite vozilo na na\u0161oj lokaciji i krenite u avanturu!\t\t\t\t\t<\/p>\n\t\t\t\t\n\t\t\t<\/div>\n\t\t\t\n\t\t<\/div>\n\t\t\t\t<\/div>\n\t\t\t\t<\/div>\n\t\t\t\t<\/div>\n\t\t\t\t\t<\/div>\n\t\t\t\t<\/div>\n\t\t<div class=\"elementor-element elementor-element-54074e5 e-flex e-con-boxed e-con e-parent\" data-id=\"54074e5\" data-element_type=\"container\" data-settings=\"{&quot;background_background&quot;:&quot;classic&quot;}\">\n\t\t\t\t\t<div class=\"e-con-inner\">\n\t\t<div class=\"elementor-element elementor-element-ac2c9e5 e-flex e-con-boxed e-con e-child\" data-id=\"ac2c9e5\" data-element_type=\"container\">\n\t\t\t\t\t<div class=\"e-con-inner\">\n\t\t\t\t<div class=\"elementor-element elementor-element-a6ee14b elementor-widget-divider--view-line elementor-widget elementor-widget-divider\" data-id=\"a6ee14b\" data-element_type=\"widget\" data-widget_type=\"divider.default\">\n\t\t\t\t<div class=\"elementor-widget-container\">\n\t\t\t\t\t<div class=\"elementor-divider\">\n\t\t\t<span class=\"elementor-divider-separator\">\n\t\t\t\t\t\t<\/span>\n\t\t<\/div>\n\t\t\t\t<\/div>\n\t\t\t\t<\/div>\n\t\t\t\t<div class=\"elementor-element elementor-element-42819a9 elementor-widget elementor-widget-heading\" data-id=\"42819a9\" data-element_type=\"widget\" data-widget_type=\"heading.default\">\n\t\t\t\t<div class=\"elementor-widget-container\">\n\t\t\t<h2 class=\"elementor-heading-title elementor-size-default\">Istra\u017eite na\u0161 izbor vozila<\/h2>\t\t<\/div>\n\t\t\t\t<\/div>\n\t\t\t\t\t<\/div>\n\t\t\t\t<\/div>\n\t\t\t\t\t<\/div>\n\t\t\t\t<\/div>\n\t\t\t\t<\/div>\n\t\t","protected":false},"excerpt":{"rendered":"<p>NAJAM AUTA I KOMBIJA Rent a car po povoljnim cijenama UNAJMI AUTO KONTAKT Kako do prve vo\u017enje? Odaberite vozilo Odaberite jedan od brojnih automobila iz na\u0161eg voznog parka. Odaberite datum i vrijeme Odaberite \u017eeljeni datum i vrijeme preuzimanja i vra\u0107anja vozila. Zapo\u010dnite vo\u017enju Preuzmite vozilo na na\u0161oj lokaciji i krenite u avanturu! Istra\u017eite na\u0161 izbor [&hellip;]<\/p>\n","protected":false},"author":1,"featured_media":0,"parent":0,"menu_order":0,"comment_status":"closed","ping_status":"closed","template":"","meta":{"footnotes":""},"class_list":["post-31","page","type-page","status-publish","hentry"],"_links":{"self":[{"href":"https:\/\/proba.rentacarlead.com\/index.php\/wp-json\/wp\/v2\/pages\/31","targetHints":{"allow":["GET"]}}],"collection":[{"href":"https:\/\/proba.rentacarlead.com\/index.php\/wp-json\/wp\/v2\/pages"}],"about":[{"href":"https:\/\/proba.rentacarlead.com\/index.php\/wp-json\/wp\/v2\/types\/page"}],"author":[{"embeddable":true,"href":"https:\/\/proba.rentacarlead.com\/index.php\/wp-json\/wp\/v2\/users\/1"}],"replies":[{"embeddable":true,"href":"https:\/\/proba.rentacarlead.com\/index.php\/wp-json\/wp\/v2\/comments?post=31"}],"version-history":[{"count":128,"href":"https:\/\/proba.rentacarlead.com\/index.php\/wp-json\/wp\/v2\/pages\/31\/revisions"}],"predecessor-version":[{"id":241,"href":"https:\/\/proba.rentacarlead.com\/index.php\/wp-json\/wp\/v2\/pages\/31\/revisions\/241"}],"wp:attachment":[{"href":"https:\/\/proba.rentacarlead.com\/index.php\/wp-json\/wp\/v2\/media?parent=31"}],"curies":[{"name":"wp","href":"https:\/\/api.w.org\/{rel}","templated":true}]}}